{"id":468,"date":"2021-08-16T00:26:51","date_gmt":"2021-08-16T05:26:51","guid":{"rendered":"https:\/\/valledelzana.com.pe\/?page_id=468"},"modified":"2025-10-31T20:55:34","modified_gmt":"2025-11-01T01:55:34","slug":"la-concesion","status":"publish","type":"page","link":"https:\/\/valledelzana.com.pe\/?page_id=468","title":{"rendered":"La Concesi\u00f3n"},"content":{"rendered":"\t\t<div data-elementor-type=\"wp-page\" data-elementor-id=\"468\" class=\"elementor elementor-468\">\n\t\t\t\t\t\t<section class=\"elementor-section elementor-top-section elementor-element elementor-element-19014cc elementor-section-stretched elementor-section-boxed elementor-section-height-default elementor-section-height-default\" data-id=\"19014cc\" data-element_type=\"section\" data-e-type=\"section\" data-settings=\"{&quot;stretch_section&quot;:&quot;section-stretched&quot;}\">\n\t\t\t\t\t\t<div class=\"elementor-container elementor-column-gap-default\">\n\t\t\t\t\t<div class=\"elementor-column elementor-col-50 elementor-top-column elementor-element elementor-element-e212b01\" data-id=\"e212b01\" data-element_type=\"column\" data-e-type=\"column\">\n\t\t\t<div class=\"elementor-widget-wrap elementor-element-populated\">\n\t\t\t\t\t\t<div class=\"elementor-element elementor-element-a79145e elementor-position-top elementor-widget elementor-widget-image-box\" data-id=\"a79145e\" data-element_type=\"widget\" data-e-type=\"widget\" data-widget_type=\"image-box.default\">\n\t\t\t\t\t<div class=\"elementor-image-box-wrapper\"><figure class=\"elementor-image-box-img\"><img fetchpriority=\"high\" decoding=\"async\" width=\"512\" height=\"512\" src=\"https:\/\/valledelzana.com.pe\/wp-content\/uploads\/2023\/04\/recuperacion-de-datos-1.png\" class=\"attachment-full size-full wp-image-1340\" alt=\"\" srcset=\"https:\/\/valledelzana.com.pe\/wp-content\/uploads\/2023\/04\/recuperacion-de-datos-1.png 512w, https:\/\/valledelzana.com.pe\/wp-content\/uploads\/2023\/04\/recuperacion-de-datos-1-300x300.png 300w, https:\/\/valledelzana.com.pe\/wp-content\/uploads\/2023\/04\/recuperacion-de-datos-1-150x150.png 150w\" sizes=\"(max-width: 512px) 100vw, 512px\" \/><\/figure><div class=\"elementor-image-box-content\"><h3 class=\"elementor-image-box-title\">Datos Generales<\/h3><p class=\"elementor-image-box-description\">\u2714\ufe0f Inversi\u00f3n en obras de construcci\u00f3n: <strong>US$ 38 Millones<\/strong> <br>\n\ud83d\udcc5 Inicio de Obras: <strong>9 de Enero de 2011<\/strong><br>\n\ud83d\udcc5 Inicio de Operaciones: <strong>20 de Diciembre de 2017<\/strong><br>\n\u27a1\ufe0f Longitud del Tramo: <strong>46.8 Kil\u00f3metros<\/strong><br>\n\ud83d\udcc4 Plazo de Concesi\u00f3n: <strong>Desde la suscripci\u00f3n del contrato y culmina a los 15 a\u00f1os, contados a partir del inicio de la etapa de explotaci\u00f3n.<\/strong><br>\n\ud83d\udd8a\ufe0f Firma de Contrato: <strong>30 de Abril de 2009<\/strong><br>\n\ud83c\udfdb\ufe0f Concedente: <strong>MTC<\/strong><br>\n\ud83d\udcbc Regulador: <strong>OSITRAN<\/strong><br><\/p><\/div><\/div>\t\t\t\t<\/div>\n\t\t\t\t\t<\/div>\n\t\t<\/div>\n\t\t\t\t<div class=\"elementor-column elementor-col-50 elementor-top-column elementor-element elementor-element-2a96b0e\" data-id=\"2a96b0e\" data-element_type=\"column\" data-e-type=\"column\">\n\t\t\t<div class=\"elementor-widget-wrap elementor-element-populated\">\n\t\t\t\t\t\t<div class=\"elementor-element elementor-element-3d84cd9 elementor-position-top elementor-widget elementor-widget-image-box\" data-id=\"3d84cd9\" data-element_type=\"widget\" data-e-type=\"widget\" data-widget_type=\"image-box.default\">\n\t\t\t\t\t<div class=\"elementor-image-box-wrapper\"><figure class=\"elementor-image-box-img\"><img decoding=\"async\" width=\"512\" height=\"512\" src=\"https:\/\/valledelzana.com.pe\/wp-content\/uploads\/2023\/04\/caracteristica.png\" class=\"attachment-full size-full wp-image-1341\" alt=\"\" srcset=\"https:\/\/valledelzana.com.pe\/wp-content\/uploads\/2023\/04\/caracteristica.png 512w, https:\/\/valledelzana.com.pe\/wp-content\/uploads\/2023\/04\/caracteristica-300x300.png 300w, https:\/\/valledelzana.com.pe\/wp-content\/uploads\/2023\/04\/caracteristica-150x150.png 150w\" sizes=\"(max-width: 512px) 100vw, 512px\" \/><\/figure><div class=\"elementor-image-box-content\"><h3 class=\"elementor-image-box-title\">Caracter\u00edsticas T\u00e9cnicas de la Carretera<\/h3><p class=\"elementor-image-box-description\"><br>\n<br>\n\ud83d\uddfa\ufe0f Tramo: <strong>Nuevo Mocupe - Cayalt\u00ed - Oyot\u00fan<\/strong><br>\n\u27a1\ufe0f Longitud del Tramo: <strong>46.8 Kil\u00f3metros<\/strong><br>\n\ud83d\udccf Ancho de Pista: <strong>6.00 Metros<\/strong><br>\n\ud83d\udea7 Ancho de Berma: <strong>0.75 Metros cada lado<\/strong><br>\n\ud83d\udee3\ufe0f Superficie de Rodadura: <strong>Carpeta asf\u00e1ltica<\/strong><br>\n<br>\n<br><\/p><\/div><\/div>\t\t\t\t<\/div>\n\t\t\t\t\t<\/div>\n\t\t<\/div>\n\t\t\t\t\t<\/div>\n\t\t<\/section>\n\t\t\t\t<section class=\"elementor-section elementor-top-section elementor-element elementor-element-f58178d elementor-section-stretched elementor-section-boxed elementor-section-height-default elementor-section-height-default\" data-id=\"f58178d\" data-element_type=\"section\" data-e-type=\"section\" data-settings=\"{&quot;stretch_section&quot;:&quot;section-stretched&quot;}\">\n\t\t\t\t\t\t<div class=\"elementor-container elementor-column-gap-default\">\n\t\t\t\t\t<div class=\"elementor-column elementor-col-50 elementor-top-column elementor-element elementor-element-450625f\" data-id=\"450625f\" data-element_type=\"column\" data-e-type=\"column\">\n\t\t\t<div class=\"elementor-widget-wrap elementor-element-populated\">\n\t\t\t\t\t\t<div class=\"elementor-element elementor-element-b1c8cc0 elementor-position-top elementor-widget elementor-widget-image-box\" data-id=\"b1c8cc0\" data-element_type=\"widget\" data-e-type=\"widget\" data-widget_type=\"image-box.default\">\n\t\t\t\t\t<div class=\"elementor-image-box-wrapper\"><figure class=\"elementor-image-box-img\"><img decoding=\"async\" width=\"512\" height=\"512\" src=\"https:\/\/valledelzana.com.pe\/wp-content\/uploads\/2023\/04\/limpiar.png\" class=\"attachment-medium_large size-medium_large wp-image-1342\" alt=\"\" srcset=\"https:\/\/valledelzana.com.pe\/wp-content\/uploads\/2023\/04\/limpiar.png 512w, https:\/\/valledelzana.com.pe\/wp-content\/uploads\/2023\/04\/limpiar-300x300.png 300w, https:\/\/valledelzana.com.pe\/wp-content\/uploads\/2023\/04\/limpiar-150x150.png 150w\" sizes=\"(max-width: 512px) 100vw, 512px\" \/><\/figure><div class=\"elementor-image-box-content\"><h3 class=\"elementor-image-box-title\">Construcci\u00f3n de Obras<\/h3><p class=\"elementor-image-box-description\"><br>\nEs el proceso que comprende todas las actividades necesarias para la realizaci\u00f3n y puesta en servicio de la v\u00eda, la ejecuci\u00f3n de obras civiles, instalaci\u00f3n de equipos y todas aquellas actividades vinculadas a su puesta en operaci\u00f3n.\n<br>\nDe acuerdo con el contrato de Concesi\u00f3n, la ejecuci\u00f3n de las primeras intervenciones del tramo Nuevo Mocupe \u2013 Cayalt\u00ed \u2013 Oyot\u00fan, se realiz\u00f3 en 12 meses y 27 d\u00edas calendario, siendo la fecha de inici\u00f3 el 9 de enero de 2011 y culminaron el 4 de febrero de 2012.<\/p><\/div><\/div>\t\t\t\t<\/div>\n\t\t\t\t\t<\/div>\n\t\t<\/div>\n\t\t\t\t<div class=\"elementor-column elementor-col-50 elementor-top-column elementor-element elementor-element-0612a32\" data-id=\"0612a32\" data-element_type=\"column\" data-e-type=\"column\">\n\t\t\t<div class=\"elementor-widget-wrap elementor-element-populated\">\n\t\t\t\t\t\t<div class=\"elementor-element elementor-element-e0fe7f8 elementor-widget__width-initial elementor-position-top elementor-widget elementor-widget-image-box\" data-id=\"e0fe7f8\" data-element_type=\"widget\" data-e-type=\"widget\" data-widget_type=\"image-box.default\">\n\t\t\t\t\t<div class=\"elementor-image-box-wrapper\"><figure class=\"elementor-image-box-img\"><img loading=\"lazy\" decoding=\"async\" width=\"512\" height=\"512\" src=\"https:\/\/valledelzana.com.pe\/wp-content\/uploads\/2023\/04\/rascacielos.png\" class=\"attachment-full size-full wp-image-1343\" alt=\"\" srcset=\"https:\/\/valledelzana.com.pe\/wp-content\/uploads\/2023\/04\/rascacielos.png 512w, https:\/\/valledelzana.com.pe\/wp-content\/uploads\/2023\/04\/rascacielos-300x300.png 300w, https:\/\/valledelzana.com.pe\/wp-content\/uploads\/2023\/04\/rascacielos-150x150.png 150w\" sizes=\"(max-width: 512px) 100vw, 512px\" \/><\/figure><div class=\"elementor-image-box-content\"><h3 class=\"elementor-image-box-title\">Caracter\u00edsticas T\u00e9cnicas de la Carretera<br><\/h3><p class=\"elementor-image-box-description\"><br>\nEs la potestad del Concesionario, cedida por el Estado, de prestar el servicio a favor de los usuarios, para lo cual le concede el aprovechamiento econ\u00f3mico de los bienes de la Concesi\u00f3n. Para tal fin, el Concesionario deber\u00e1 cumplir con los par\u00e1metros, niveles de capacidad y otros asociados a la inversi\u00f3n, as\u00ed como los est\u00e1ndares y niveles de servicio, previstos en el contrato de Concesi\u00f3n.\n<br><\/p><\/div><\/div>\t\t\t\t<\/div>\n\t\t\t\t\t<\/div>\n\t\t<\/div>\n\t\t\t\t\t<\/div>\n\t\t<\/section>\n\t\t\t\t<\/div>\n\t\t","protected":false},"excerpt":{"rendered":"<p>Datos Generales \u2714\ufe0f Inversi\u00f3n en obras de construcci\u00f3n: US$ 38 Millones \ud83d\udcc5 Inicio de Obras: 9 de Enero de 2011 \ud83d\udcc5 Inicio de Operaciones: 20 de Diciembre de 2017 \u27a1\ufe0f Longitud del Tramo: 46.8 Kil\u00f3metros \ud83d\udcc4 Plazo de Concesi\u00f3n: Desde la suscripci\u00f3n del contrato y culmina a los 15 a\u00f1os, contados a partir del inicio&hellip;&nbsp;<a href=\"https:\/\/valledelzana.com.pe\/?page_id=468\" rel=\"bookmark\"><span class=\"screen-reader-text\">La Concesi\u00f3n<\/span><\/a><\/p>\n","protected":false},"author":1,"featured_media":0,"parent":0,"menu_order":0,"comment_status":"closed","ping_status":"open","template":"","meta":{"neve_meta_sidebar":"","neve_meta_container":"","neve_meta_enable_content_width":"","neve_meta_content_width":0,"neve_meta_title_alignment":"","neve_meta_author_avatar":"","neve_post_elements_order":"","neve_meta_disable_header":"","neve_meta_disable_footer":"","neve_meta_disable_title":"","footnotes":""},"class_list":["post-468","page","type-page","status-publish","hentry"],"_links":{"self":[{"href":"https:\/\/valledelzana.com.pe\/index.php?rest_route=\/wp\/v2\/pages\/468","targetHints":{"allow":["GET"]}}],"collection":[{"href":"https:\/\/valledelzana.com.pe\/index.php?rest_route=\/wp\/v2\/pages"}],"about":[{"href":"https:\/\/valledelzana.com.pe\/index.php?rest_route=\/wp\/v2\/types\/page"}],"author":[{"embeddable":true,"href":"https:\/\/valledelzana.com.pe\/index.php?rest_route=\/wp\/v2\/users\/1"}],"replies":[{"embeddable":true,"href":"https:\/\/valledelzana.com.pe\/index.php?rest_route=%2Fwp%2Fv2%2Fcomments&post=468"}],"version-history":[{"count":67,"href":"https:\/\/valledelzana.com.pe\/index.php?rest_route=\/wp\/v2\/pages\/468\/revisions"}],"predecessor-version":[{"id":10274,"href":"https:\/\/valledelzana.com.pe\/index.php?rest_route=\/wp\/v2\/pages\/468\/revisions\/10274"}],"wp:attachment":[{"href":"https:\/\/valledelzana.com.pe\/index.php?rest_route=%2Fwp%2Fv2%2Fmedia&parent=468"}],"curies":[{"name":"wp","href":"https:\/\/api.w.org\/{rel}","templated":true}]}}