{"id":762,"date":"2021-12-14T16:02:44","date_gmt":"2021-12-14T21:02:44","guid":{"rendered":"https:\/\/valledelzana.com.pe\/?page_id=762"},"modified":"2026-01-27T11:57:07","modified_gmt":"2026-01-27T16:57:07","slug":"comunicados","status":"publish","type":"page","link":"https:\/\/valledelzana.com.pe\/?page_id=762","title":{"rendered":"Comunicados"},"content":{"rendered":"\t\t<div data-elementor-type=\"wp-page\" data-elementor-id=\"762\" class=\"elementor elementor-762\">\n\t\t\t\t\t\t<section class=\"elementor-section elementor-top-section elementor-element elementor-element-3b4c7e2 elementor-section-stretched elementor-section-boxed elementor-section-height-default elementor-section-height-default\" data-id=\"3b4c7e2\" data-element_type=\"section\" data-e-type=\"section\" data-settings=\"{&quot;stretch_section&quot;:&quot;section-stretched&quot;}\">\n\t\t\t\t\t\t<div class=\"elementor-container elementor-column-gap-default\">\n\t\t\t\t\t<div class=\"elementor-column elementor-col-100 elementor-top-column elementor-element elementor-element-e83bf5c\" data-id=\"e83bf5c\" data-element_type=\"column\" data-e-type=\"column\">\n\t\t\t<div class=\"elementor-widget-wrap elementor-element-populated\">\n\t\t\t\t\t\t<div class=\"elementor-element elementor-element-a06296b elementor-widget elementor-widget-html\" data-id=\"a06296b\" data-element_type=\"widget\" data-e-type=\"widget\" data-widget_type=\"html.default\">\n\t\t\t\t\t<style>\r\n:root {\r\n  --dark-blue: #001f3f;\r\n  --light-blue: #00e0ff;\r\n  --gold: #ecbc40;\r\n  --white: #ffffff;\r\n}\r\n\r\n\/* === Contenedor general === *\/\r\nsection.pr-5.pl-5 {\r\n  padding: 40px;\r\n  background: rgba(17, 22, 33, 0.4);\r\n  border-radius: 16px;\r\n  backdrop-filter: blur(10px) saturate(160%);\r\n  -webkit-backdrop-filter: blur(10px) saturate(160%);\r\n}\r\n\r\n\/* === Tarjetas === *\/\r\n.card {\r\n  border: 4px solid var(--dark-blue);\r\n  border-radius: 10px;\r\n  background: rgba(255, 255, 255, 0.08);\r\n  box-shadow: 0 8px 25px rgba(0, 0, 0, 0.35);\r\n  transition: all 0.4s ease;\r\n  overflow: hidden;\r\n}\r\n\r\n.card:hover {\r\n  transform: translateY(-6px);\r\n  box-shadow: 0 0 25px rgba(0, 224, 255, 0.4);\r\n}\r\n\r\n\/* === Imagen === *\/\r\n.card img {\r\n  width: 100%;\r\n  height: 400px;\r\n  object-fit: cover;\r\n  border-bottom: 4px solid var(--dark-blue);\r\n}\r\n\r\n\/* === Cuerpo === *\/\r\n.card-body {\r\n  padding: 18px;\r\n  text-align: center;\r\n}\r\n\r\n\/* === T\u00edtulo === *\/\r\n.card-title {\r\n  font-size: 1.15em;\r\n  font-weight: 800;\r\n  color: var(--dark-blue);\r\n  background: var(--white);\r\n  padding: 8px 12px;\r\n  border-radius: 6px;\r\n  margin-bottom: 10px;\r\n  box-shadow: inset 0 0 8px rgba(0, 31, 63, 0.15);\r\n  transition: all 0.3s ease;\r\n}\r\n\r\n.card:hover .card-title {\r\n  background: var(--light-blue);\r\n  color: var(--dark-blue);\r\n  box-shadow: 0 0 15px rgba(0, 224, 255, 0.4);\r\n}\r\n\r\n\/* === Fecha === *\/\r\n.card-text {\r\n  color: #e0e6f1;\r\n  font-size: 0.95em;\r\n  margin-bottom: 0;\r\n}\r\n\r\n\/* === Enlace === *\/\r\na {\r\n  text-decoration: none;\r\n}\r\n<\/style>\r\n\r\n\r\n<section class=\"pr-5 pl-5\">\r\n  <div class=\"row\">\r\n\r\n  <!-- Tarjeta 1 -->\r\n    <div class=\"col-md-4 mb-3\">\r\n      <a href=\"https:\/\/valledelzana.com.pe\/wp-content\/uploads\/2026\/01\/PUBLICACION-DE-GANADOR-DE-PROCESO-DE-SELECCION-DE-AUDITOR-DE-TRAFICO-VEHICULAR-2026.pdf\" target=\"_blank\">\r\n        <div class=\"card h-100\">\r\n          <img decoding=\"async\" src=\"https:\/\/valledelzana.com.pe\/wp-content\/uploads\/2026\/01\/Screenshot_4-2.jpg\">\r\n          <div class=\"card-body\">\r\n            <h4 class=\"card-title\">Opini\u00f3n Favorable de OSITRAN sobre la Elecci\u00f3n de la Empresa Auditora de Tr\u00e1fico Vehicular 2026<\/h4>\r\n            <p class=\"card-text\">27 de Enero del 2026<\/p>\r\n          <\/div>\r\n        <\/div>\r\n      <\/a>\r\n    <\/div>\r\n\r\n\r\n     <!-- Tarjeta 1 -->\r\n    <div class=\"col-md-4 mb-3\">\r\n      <a href=\"https:\/\/valledelzana.com.pe\/wp-content\/uploads\/2026\/01\/ABSOLUCION-DE-CONSULTAS-Y-OBSERVACIONES-2026.pdf\" target=\"_blank\">\r\n        <div class=\"card h-100\">\r\n          <img decoding=\"async\" src=\"https:\/\/valledelzana.com.pe\/wp-content\/uploads\/2026\/01\/Screenshot_5.jpg\">\r\n          <div class=\"card-body\">\r\n            <h4 class=\"card-title\">Absolucion de Consultas y Observaciones 2026<\/h4>\r\n            <p class=\"card-text\">15 de Enero del 2026<\/p>\r\n          <\/div>\r\n        <\/div>\r\n      <\/a>\r\n    <\/div>\r\n   \r\n   \r\n     <!-- Tarjeta 1 -->\r\n    <div class=\"col-md-4 mb-3\">\r\n      <a href=\"https:\/\/valledelzana.com.pe\/wp-content\/uploads\/2026\/01\/trafico-vehicular.pdf\" target=\"_blank\">\r\n        <div class=\"card h-100\">\r\n          <img decoding=\"async\" src=\"https:\/\/valledelzana.com.pe\/wp-content\/uploads\/2026\/01\/Screenshot_6.jpg\">\r\n          <div class=\"card-body\">\r\n            <h4 class=\"card-title\">Invitaci\u00f3n a Participar en Proceso de Selecci\u00f3n de Auditor de Tr\u00e1fico Vehicular 2026<\/h4>\r\n            <p class=\"card-text\">13 de Enero del 2026<\/p>\r\n          <\/div>\r\n        <\/div>\r\n      <\/a>\r\n    <\/div>\r\n\r\n   \r\n    <!-- Tarjeta 1 -->\r\n    <div class=\"col-md-4 mb-3\">\r\n      <a href=\"https:\/\/valledelzana.com.pe\/wp-content\/uploads\/2025\/02\/OFICIO-N-01526-2025-GSF-OSITRAN-01.pdf\" target=\"_blank\">\r\n        <div class=\"card h-100\">\r\n          <img decoding=\"async\" src=\"https:\/\/valledelzana.com.pe\/wp-content\/uploads\/2025\/02\/OFICIO-N-01526-2025-GSF-OSITRAN-01_page-0001-scaled.jpg\">\r\n          <div class=\"card-body\">\r\n            <h4 class=\"card-title\">Proceso de selecci\u00f3n del auditor de tr\u00e1fico de flujo vehicular 2025<\/h4>\r\n            <p class=\"card-text\">04 de Febrero del 2025<\/p>\r\n          <\/div>\r\n        <\/div>\r\n      <\/a>\r\n    <\/div>\r\n\r\n    <!-- Tarjeta 2 -->\r\n    <div class=\"col-md-4 mb-3\">\r\n      <a href=\"https:\/\/valledelzana.com.pe\/wp-content\/uploads\/2025\/01\/CARTA-DE-INVITACION-EMPRESAS-AUDITORAS-PAGINA-WEB-2025.pdf\" target=\"_blank\">\r\n        <div class=\"card h-100\">\r\n          <img decoding=\"async\" src=\"https:\/\/valledelzana.com.pe\/wp-content\/uploads\/2025\/01\/PROCESO-AUDITOR-2025.jpg\">\r\n          <div class=\"card-body\">\r\n            <h4 class=\"card-title\">Invitaci\u00f3n a participar en proceso de selecci\u00f3n de auditor de tr\u00e1fico vehicular 2025<\/h4>\r\n            <p class=\"card-text\">01 de Diciembre del 2024<\/p>\r\n          <\/div>\r\n        <\/div>\r\n      <\/a>\r\n    <\/div>\r\n\r\n    <!-- Tarjeta 3 -->\r\n    <div class=\"col-md-4 mb-3\">\r\n      <div class=\"card h-100\">\r\n        <img decoding=\"async\" src=\"https:\/\/valledelzana.com.pe\/wp-content\/uploads\/2024\/12\/REAJUSTE-TARIFA-BASICA-PEAJE-SAN-NICOLAS-DIC24-011224_page-0001-scaled.jpg\">\r\n        <div class=\"card-body\">\r\n          <h4 class=\"card-title\">Reajuste de Tarifa B\u00e1sica - Peaje San Nicol\u00e1s - Diciembre 2024<\/h4>\r\n          <p class=\"card-text\">01 de Diciembre del 2024<\/p>\r\n        <\/div>\r\n      <\/div>\r\n    <\/div>\r\n\r\n    <!-- Tarjeta 4 -->\r\n    <div class=\"col-md-4 mb-3\">\r\n      <div class=\"card h-100\">\r\n        <img decoding=\"async\" src=\"https:\/\/valledelzana.com.pe\/wp-content\/uploads\/2024\/07\/CVZ-2.jpg\">\r\n        <div class=\"card-body\">\r\n          <h4 class=\"card-title\">Requisitos para Solicitar Tasa Diferenciada<\/h4>\r\n          <p class=\"card-text\">24 de Julio del 2024<\/p>\r\n        <\/div>\r\n      <\/div>\r\n    <\/div>\r\n\r\n    <!-- Tarjeta 5 -->\r\n    <div class=\"col-md-4 mb-3\">\r\n      <div class=\"card h-100\">\r\n        <img decoding=\"async\" src=\"https:\/\/valledelzana.com.pe\/wp-content\/uploads\/2024\/02\/Comunicado-TARYET.png\">\r\n        <div class=\"card-body\">\r\n          <h4 class=\"card-title\">Opini\u00f3n favorable de OSITRAN sobre la elecci\u00f3n de la empresa auditora de tr\u00e1fico vehicular<\/h4>\r\n          <p class=\"card-text\">05 de Febrero del 2024<\/p>\r\n        <\/div>\r\n      <\/div>\r\n    <\/div>\r\n\r\n    <!-- Tarjeta 6 -->\r\n    <div class=\"col-md-4 mb-3\">\r\n      <div class=\"card h-100\">\r\n        <img decoding=\"async\" src=\"https:\/\/valledelzana.com.pe\/wp-content\/uploads\/2024\/01\/Concurso-de-Empresa-Auditora.png\">\r\n        <div class=\"card-body\">\r\n          <h4 class=\"card-title\">Proceso de selecci\u00f3n de empresa auditora de tr\u00e1fico vehicular 2024<\/h4>\r\n          <p class=\"card-text\">11 de Enero del 2024<\/p>\r\n        <\/div>\r\n      <\/div>\r\n    <\/div>\r\n\r\n    <!-- Tarjeta 7 -->\r\n    <div class=\"col-md-4 mb-3\">\r\n      <div class=\"card h-100\">\r\n        <img decoding=\"async\" src=\"https:\/\/valledelzana.com.pe\/wp-content\/uploads\/2023\/12\/REAJUSTE-TARIFA-BASICA-PEAJE-SAN-NICOLAS-DIC23-04DIC23_page-0001-scaled.jpg\">\r\n        <div class=\"card-body\">\r\n          <h4 class=\"card-title\">Reajuste de Tarifa \u2013 Peaje San Nicol\u00e1s<\/h4>\r\n          <p class=\"card-text\">04 de Diciembre del 2023<\/p>\r\n        <\/div>\r\n      <\/div>\r\n    <\/div>\r\n\r\n    <!-- Tarjeta 8 -->\r\n    <div class=\"col-md-4 mb-3\">\r\n      <div class=\"card h-100\">\r\n        <img decoding=\"async\" src=\"https:\/\/valledelzana.com.pe\/wp-content\/uploads\/2023\/05\/Reinicio-de-Cobro-3.png\">\r\n        <div class=\"card-body\">\r\n          <h4 class=\"card-title\">Reinicio de Cobro<\/h4>\r\n          <p class=\"card-text\">04 de Mayo del 2023<\/p>\r\n        <\/div>\r\n      <\/div>\r\n    <\/div>\r\n\r\n    <!-- Tarjeta 9 -->\r\n    <div class=\"col-md-4 mb-3\">\r\n      <div class=\"card h-100\">\r\n        <img decoding=\"async\" src=\"https:\/\/valledelzana.com.pe\/wp-content\/uploads\/2023\/05\/Brown-and-Yellow-Workers-Day-Flyer.png\">\r\n        <div class=\"card-body\">\r\n          <h4 class=\"card-title\">Feliz D\u00eda del Trabajador<\/h4>\r\n          <p class=\"card-text\">01 de Mayo del 2023<\/p>\r\n        <\/div>\r\n      <\/div>\r\n    <\/div>\r\n\r\n    <!-- Tarjeta 10 -->\r\n    <div class=\"col-md-4 mb-3\">\r\n      <div class=\"card h-100\">\r\n        <img decoding=\"async\" src=\"https:\/\/valledelzana.com.pe\/wp-content\/uploads\/2023\/04\/Copia-de-Copia-de-Post-Instagram-Anuncio-Noticia-Importante-Moderno-Llamativo-.png\">\r\n        <div class=\"card-body\">\r\n          <h4 class=\"card-title\">BAD\u00c9N Nanchoc - Pase Restringido<\/h4>\r\n          <p class=\"card-text\">25 de Abril del 2023<\/p>\r\n        <\/div>\r\n      <\/div>\r\n    <\/div>\r\n\r\n    <!-- Tarjeta 11 -->\r\n    <div class=\"col-md-4 mb-3\">\r\n      <div class=\"card h-100\">\r\n        <img decoding=\"async\" src=\"https:\/\/valledelzana.com.pe\/wp-content\/uploads\/2023\/04\/Copia-de-Post-Instagram-Anuncio-Noticia-Importante-Moderno-Llamativo-.png\">\r\n        <div class=\"card-body\">\r\n          <h4 class=\"card-title\">BAD\u00c9N Nanchoc Bloqueado<\/h4>\r\n          <p class=\"card-text\">23 de Abril del 2023<\/p>\r\n        <\/div>\r\n      <\/div>\r\n    <\/div>\r\n\r\n    <!-- Tarjeta 12 -->\r\n    <div class=\"col-md-4 mb-3\">\r\n      <div class=\"card h-100\">\r\n        <img decoding=\"async\" src=\"https:\/\/valledelzana.com.pe\/wp-content\/uploads\/2023\/04\/Post-Instagram-Anuncio-Noticia-Importante-Moderno-Llamativo-.png\">\r\n        <div class=\"card-body\">\r\n          <h4 class=\"card-title\">Aviso meteorol\u00f3gico y afectaci\u00f3n al sector transporte<\/h4>\r\n          <p class=\"card-text\">10 de Abril del 2023<\/p>\r\n        <\/div>\r\n      <\/div>\r\n    <\/div>\r\n\r\n    <!-- Tarjeta 13 -->\r\n    <div class=\"col-md-4 mb-3\">\r\n      <div class=\"card h-100\">\r\n        <img decoding=\"async\" src=\"https:\/\/valledelzana.com.pe\/wp-content\/uploads\/2023\/03\/WhatsApp-Image-2023-03-29-at-12.55.03-PM.jpeg\">\r\n        <div class=\"card-body\">\r\n          <h4 class=\"card-title\">Atenci\u00f3n: V\u00eda Restringida<\/h4>\r\n          <p class=\"card-text\">10 de Abril del 2023<\/p>\r\n        <\/div>\r\n      <\/div>\r\n    <\/div>\r\n\r\n    <!-- Tarjeta 14 -->\r\n    <div class=\"col-md-4 mb-3\">\r\n      <div class=\"card h-100\">\r\n        <img decoding=\"async\" src=\"https:\/\/valledelzana.com.pe\/wp-content\/uploads\/2023\/01\/COMUNICADO-2.png\">\r\n        <div class=\"card-body\">\r\n          <h4 class=\"card-title\">Proceso de selecci\u00f3n de empresa auditora de tr\u00e1fico vehicular 2023<\/h4>\r\n          <p class=\"card-text\">09 de Enero del 2023<\/p>\r\n        <\/div>\r\n      <\/div>\r\n    <\/div>\r\n\r\n  <\/div>\r\n<\/section>\r\n\t\t\t\t<\/div>\n\t\t\t\t\t<\/div>\n\t\t<\/div>\n\t\t\t\t\t<\/div>\n\t\t<\/section>\n\t\t\t\t<\/div>\n\t\t","protected":false},"excerpt":{"rendered":"<p>Opini\u00f3n Favorable de OSITRAN sobre la Elecci\u00f3n de la Empresa Auditora de Tr\u00e1fico Vehicular 2026 27 de Enero del 2026 Absolucion de Consultas y Observaciones 2026 15 de Enero del 2026 Invitaci\u00f3n a Participar en Proceso de Selecci\u00f3n de Auditor de Tr\u00e1fico Vehicular 2026 13 de Enero del 2026 Proceso de selecci\u00f3n del auditor de&hellip;&nbsp;<a href=\"https:\/\/valledelzana.com.pe\/?page_id=762\" rel=\"bookmark\"><span class=\"screen-reader-text\">Comunicados<\/span><\/a><\/p>\n","protected":false},"author":1,"featured_media":0,"parent":0,"menu_order":0,"comment_status":"closed","ping_status":"closed","template":"elementor_header_footer","meta":{"neve_meta_sidebar":"","neve_meta_container":"","neve_meta_enable_content_width":"","neve_meta_content_width":0,"neve_meta_title_alignment":"","neve_meta_author_avatar":"","neve_post_elements_order":"","neve_meta_disable_header":"","neve_meta_disable_footer":"","neve_meta_disable_title":"","footnotes":""},"class_list":["post-762","page","type-page","status-publish","hentry"],"_links":{"self":[{"href":"https:\/\/valledelzana.com.pe\/index.php?rest_route=\/wp\/v2\/pages\/762","targetHints":{"allow":["GET"]}}],"collection":[{"href":"https:\/\/valledelzana.com.pe\/index.php?rest_route=\/wp\/v2\/pages"}],"about":[{"href":"https:\/\/valledelzana.com.pe\/index.php?rest_route=\/wp\/v2\/types\/page"}],"author":[{"embeddable":true,"href":"https:\/\/valledelzana.com.pe\/index.php?rest_route=\/wp\/v2\/users\/1"}],"replies":[{"embeddable":true,"href":"https:\/\/valledelzana.com.pe\/index.php?rest_route=%2Fwp%2Fv2%2Fcomments&post=762"}],"version-history":[{"count":122,"href":"https:\/\/valledelzana.com.pe\/index.php?rest_route=\/wp\/v2\/pages\/762\/revisions"}],"predecessor-version":[{"id":10890,"href":"https:\/\/valledelzana.com.pe\/index.php?rest_route=\/wp\/v2\/pages\/762\/revisions\/10890"}],"wp:attachment":[{"href":"https:\/\/valledelzana.com.pe\/index.php?rest_route=%2Fwp%2Fv2%2Fmedia&parent=762"}],"curies":[{"name":"wp","href":"https:\/\/api.w.org\/{rel}","templated":true}]}}